


{"id":1139,"date":"2023-02-17T10:23:01","date_gmt":"2023-02-17T09:23:01","guid":{"rendered":"https:\/\/www.domainedechevalier.com\/le-grand-vin"},"modified":"2023-05-22T12:39:23","modified_gmt":"2023-05-22T10:39:23","slug":"le-grand-vin","status":"publish","type":"page","link":"https:\/\/www.domainedechevalier.com\/zh-hant\/le-grand-vin","title":{"rendered":"\u6b63\u724c\u9152"},"content":{"rendered":"\n<div id=\"introduction-le-grand-vin\" class=\"wp-block-group is-layout-constrained wp-block-group-is-layout-constrained\">\n<p class=\"next-section\"><a href=\"#terroir-millesime\" data-type=\"internal\" data-id=\"#terroir-millesime\">scroll<\/a><\/p>\n\n\n<div class=\"vimeo-container bg-cover bg-no-repeat bg-center wp-block-embed-vimeo\"   data-video-id=\"https:\/\/vimeo.com\/812693937\/c7bc841247\" data-autoplay=\"true\" style=\"background-image: url(https:\/\/www.domainedechevalier.com\/wp-content\/uploads\/2023\/03\/le-grand-vin.jpg)\" ><\/div>\n<\/div>\n\n\n\n<div id=\"terroir-millesime\" class=\"wp-block-group is-layout-flow wp-block-group-is-layout-flow\">\n<h1 class=\"wp-block-heading has-text-align-center\"><em><strong>\u98ce\u571f\u4e0e\u5e74\u4efd\u7684\u4ea4\u6c47<\/strong><\/em><\/h1>\n\n\n\n<blockquote class=\"wp-block-quote is-layout-flow wp-block-quote-is-layout-flow\">\n<p><em>\u201c\u6211\u8bd5\u7740\u6309\u7167\u81ea\u7136\u7684\u65b9\u5f0f\u917f\u9152\uff0c\u52aa\u529b\u5bfb\u627e\u5404\u8981\u7d20\u4e4b\u95f4\u7684\u5e73\u8861\uff0c\u5c3d\u91cf\u907f\u514d\u4f7f\u7528\u8fc7\u4e8e\u73b0\u4ee3\u7684\u624b\u6bb5\u2014\u2014\u603b\u662f\u5728\u9a91\u58eb\u5e84\u56ed\u4f20\u7edf\u7684\u6280\u672f\u6846\u67b6\u4e0b\u2026\u2026\u5728\u4e00\u6b21\u9488\u5bf9\u8fc7\u53bb30\u4e2a\u5e74\u4efd\u7684\u5782\u76f4\u54c1\u5c1d\u4e2d\u53d1\u73b0\uff0c\u4e0d\u540c\u5e74\u4efd\u4e4b\u95f4\u9152\u5177\u6709\u663e\u8457\u7684\u5171\u540c\u98ce\u683c\u7279\u70b9\uff0c\u8fd9\u4e5f\u518d\u4e00\u6b21\u8bc1\u660e\uff0c\u5728\u917f\u9152\u8fc7\u7a0b\u4e2d\uff0c\u4eba\u6240\u8d77\u5230\u7684\u53ea\u662f\u9526\u4e0a\u6dfb\u82b1\u7684\u4f5c\u7528\uff0c\u5927\u81ea\u7136\u624d\u662f\u8461\u8404\u9152\u98ce\u683c\u7684\u7f14\u9020\u8005\u201d<\/em><\/p>\n<\/blockquote>\n<\/div>\n\n\n\n<div class=\"wp-block-group is-layout-constrained wp-block-group-is-layout-constrained\">\n\n\n<div class=\"alignfull swiper-container swiper-millesimes-timeline swiper swiper-init hidden md:block\">\n\n    <div class=\"swiper-wrapper\">\n        <div class=\"swiper-slide\"><div><span class=\"swiper-timeline-year\" data-year=\"1989\" data-langue=\"\">1989<\/span><\/div><\/div>\n    <\/div>\n\n    <div class=\"swiper-millesimes-prev\"><\/div>\n    <div class=\"swiper-millesimes-next\"><\/div>\n\n<\/div>\n\n\n\n\n<ul id=millesime-nav-mobile class=\" block md:hidden\">\n\n\t\t\t\t\t\t\t\t<li> <p>  Choisir votre millesime<em> <span class=\"btn-select\"><\/span> <\/em><\/p> <\/li>\n        <li class=\"swiper-slide\"><span class=\"swiper-timeline-year\" data-year=\"1989\">1989<\/span><\/li>\n\n\n\n<\/ul>\n\n\n\n<div id=\"swiper-millesimes\" class=\"swiper-container swiper-millesimes\">\n\n\n\n\n    \n\t\t\t\t\t\t\t<div class=\"swiper-wrapper\"><div class=\"swiper-slide\"  data-title=\"1989\"><div class=\"md:flex\"><div data-post-id=\"1147\" class=\"order-last\" >\t\n\n\t\t\t\t\t\t\t\t\t<figure class=\"wp-block-image size-large\">\n\n\t\t\t\t\t\t\t\t\t\t<img decoding=\"async\" src=\"https:\/\/www.domainedechevalier.com\/wp-content\/uploads\/2023\/04\/domaine-de-chevalier-rouge-1.png\" srcset=\"\"\n\t\t\t\t\t\t\t\t\t\talt=\"1989\">\n\n\t\t\t\t\t\t\t\t\t\t<\/figure> <h2 class=\"text-center domaine-de-chevalier-rouge-zh-hant\"><span>1989<\/span><img decoding=\"async\" src=\"https:\/\/www.domainedechevalier.com\/wp-content\/themes\/domainedechevalier\/theme\/assets\/img\/logo_domaine_chevalier-simple.svg\"  alt=\"logo_domaine_chevalier\"><i class=\"mt-4 not-italic\">Domaine de chevalier rouge<\/i><\/h2><p>Un grand mill\u00e9sime, complexe et riche aux tanins soyeux et serr\u00e9s.\r\nDepuis son plus jeune \u00e2ge, ce vin s\u2019est toujours tr\u00e8s bien d\u00e9gust\u00e9.\r\nAujourd\u2019hui, la complexit\u00e9 aromatique est totale. Les ar\u00f4mes encore vigoureux de fruits rouges et noirs se m\u00ealent aux notes de sous- bois, de terre fraiche, de foret de pin et de boite \u00e0 cigares.\r\nEn bouche, texture soyeuse et tr\u00e8s belle allure soutenue par une acidit\u00e9 rafraichissante. Saveurs suaves, fraiches et complexes, combin\u00e9es au fruit omnipr\u00e9sent.\r\nBeaucoup de classe et d\u2019\u00e9quilibre dans ce vin qui semble avoir encore de belles ann\u00e9es devant lui.<\/p><a href=\" \" target=\"_blank\">Fiche technique<\/a><\/div><\/div><\/div><\/div>\n\n\n\n<\/div>\n\n\n<\/div>\n\n\n\n<figure class=\"wp-block-gallery has-nested-images columns-3 is-cropped wp-block-gallery-1 is-layout-flex wp-block-gallery-is-layout-flex\">\n<figure class=\"wp-block-image size-full\"><img loading=\"lazy\" decoding=\"async\" width=\"632\" height=\"949\" data-id=\"537\" src=\"https:\/\/www.domainedechevalier.com\/wp-content\/uploads\/2023\/03\/le-grand-vin-3-2.jpg\" alt=\"\" class=\"wp-image-537\"\/><\/figure>\n\n\n\n<figure class=\"wp-block-image size-full\" id=\"le-grand-vin-2\"><img loading=\"lazy\" decoding=\"async\" width=\"632\" height=\"949\" data-id=\"526\" src=\"https:\/\/www.domainedechevalier.com\/wp-content\/uploads\/2023\/03\/le-grand-vin-2.jpg\" alt=\"\" class=\"wp-image-526\"\/><\/figure>\n\n\n\n<figure class=\"wp-block-image size-full\"><img loading=\"lazy\" decoding=\"async\" width=\"632\" height=\"949\" data-id=\"1100\" src=\"https:\/\/www.domainedechevalier.com\/wp-content\/uploads\/2023\/05\/le-grand-vin-1.jpg\" alt=\"\" class=\"wp-image-1100\" srcset=\"https:\/\/www.domainedechevalier.com\/wp-content\/uploads\/2023\/05\/le-grand-vin-1.jpg 632w, https:\/\/www.domainedechevalier.com\/wp-content\/uploads\/2023\/05\/le-grand-vin-1-500x751.jpg 500w\" sizes=\"auto, (max-width: 632px) 100vw, 632px\" \/><\/figure>\n<\/figure>\n","protected":false},"excerpt":{"rendered":"<p>scroll \u98ce\u571f\u4e0e\u5e74\u4efd\u7684\u4ea4\u6c47 \u201c\u6211\u8bd5\u7740\u6309\u7167\u81ea\u7136\u7684\u65b9\u5f0f\u917f\u9152\uff0c\u52aa\u529b\u5bfb\u627e\u5404\u8981\u7d20\u4e4b\u95f4\u7684\u5e73\u8861\uff0c\u5c3d\u91cf\u907f\u514d\u4f7f\u7528\u8fc7\u4e8e\u73b0\u4ee3\u7684\u624b<a href=\"https:\/\/www.domainedechevalier.com\/zh-hant\/millesines\/1989-2\">Continue reading <span class=\"sr-only\">&#8220;1989&#8221;<\/span><\/a><\/p>\n","protected":false},"author":4,"featured_media":0,"parent":0,"menu_order":0,"comment_status":"closed","ping_status":"closed","template":"","meta":{"_seopress_robots_primary_cat":"","_seopress_titles_title":"","_seopress_titles_desc":"","_seopress_robots_index":"","inline_featured_image":false,"footnotes":""},"class_list":["post-1139","page","type-page","status-publish","hentry"],"_links":{"self":[{"href":"https:\/\/www.domainedechevalier.com\/zh-hant\/wp-json\/wp\/v2\/pages\/1139","targetHints":{"allow":["GET"]}}],"collection":[{"href":"https:\/\/www.domainedechevalier.com\/zh-hant\/wp-json\/wp\/v2\/pages"}],"about":[{"href":"https:\/\/www.domainedechevalier.com\/zh-hant\/wp-json\/wp\/v2\/types\/page"}],"author":[{"embeddable":true,"href":"https:\/\/www.domainedechevalier.com\/zh-hant\/wp-json\/wp\/v2\/users\/4"}],"replies":[{"embeddable":true,"href":"https:\/\/www.domainedechevalier.com\/zh-hant\/wp-json\/wp\/v2\/comments?post=1139"}],"version-history":[{"count":0,"href":"https:\/\/www.domainedechevalier.com\/zh-hant\/wp-json\/wp\/v2\/pages\/1139\/revisions"}],"wp:attachment":[{"href":"https:\/\/www.domainedechevalier.com\/zh-hant\/wp-json\/wp\/v2\/media?parent=1139"}],"curies":[{"name":"wp","href":"https:\/\/api.w.org\/{rel}","templated":true}]}}