{"id":951,"date":"2023-02-27T12:17:12","date_gmt":"2023-02-27T11:17:12","guid":{"rendered":"https:\/\/www.domainedechevalier.com\/?page_id=951"},"modified":"2023-05-25T17:00:40","modified_gmt":"2023-05-25T15:00:40","slug":"legal-notice","status":"publish","type":"page","link":"https:\/\/www.domainedechevalier.com\/en\/legal-notice","title":{"rendered":"Legal notice"},"content":{"rendered":"\n<h1 class=\"wp-block-heading\">Legal notice<\/h1>\n\n\n\n<div class=\"wp-block-group is-layout-constrained wp-block-group-is-layout-constrained\">\n<h2 class=\"wp-block-heading has-red-color has-text-color\">Identification<\/h2>\n\n\n\n<p>\u00c9DITEUR DU SITE<br>Le pr\u00e9sent site est la propri\u00e9t\u00e9 de la Soci\u00e9t\u00e9 Civile Domaine de Chevalier<br>SA au capital de 7.200.000 euros<br>Si\u00e8ge social : Domaine de Chevalier 102 chemin de Mignoy, 33850 L\u00e9ognan<br>N\u00b0 TVA intracommunautaire : FR&nbsp;<\/p>\n\n\n\n<p>Email :&nbsp;<a target=\"_blank\" href=\"mailto:olivierbernard@domainedechevalier.com\" rel=\"noopener\">olivierbernard@domainedechevalier.com<\/a><br>T\u00e9l\u00e9phone :&nbsp;<a target=\"_blank\" href=\"tel:+33(0)556641616\" rel=\"noopener\">+33 (0)5 56 64 16 16<\/a><\/p>\n\n\n\n<p>H\u00c9BERGEMENT DU SITE<br>Infomaniak<br><a rel=\"noopener\" href=\"http:\/\/www.infomaniak.com\/\" target=\"_blank\">www.infomaniak.com<\/a><\/p>\n\n\n\n<p>R\u00c9ALISATION DU SITE<br>VINEXIA<br>13 rue de le Manutention <br>33000 Bordeaux<br><a rel=\"noopener\" href=\"https:\/\/www.vinexia.fr\/\" data-type=\"URL\" data-id=\"https:\/\/www.vinexia.fr\/\" target=\"_blank\">www.vinexia.fr<\/a><\/p>\n\n\n\n<h2 class=\"wp-block-heading has-red-color has-text-color\">Conditions g\u00e9n\u00e9rales d\u2019utilisation du site<\/h2>\n\n\n\n<ul class=\"wp-block-list\">\n<li><strong>Engagements des utilisateurs&nbsp;:&nbsp;<\/strong>En naviguant sur le site, chaque utilisateur garantit :<\/li>\n\n\n\n<li>Avoir l\u2019\u00e2ge l\u00e9gal requis pour consommer et\/ou acheter de l\u2019alcool selon la l\u00e9gislation en vigueur dans son lieu de r\u00e9sidence ;&nbsp;<\/li>\n\n\n\n<li>Utiliser le Site \u00e0 des fins licites&nbsp;;&nbsp;<\/li>\n\n\n\n<li>Que, le cas \u00e9ch\u00e9ant, les donn\u00e9es qu\u2019il fournit sont exactes, sinc\u00e8res et \u00e0 jour.<\/li>\n<\/ul>\n\n\n\n<p>Il est interdit \u00e0 l\u2019utilisateur de faire toutes d\u00e9clarations et\/ou d\u2019agir au nom et\/ou pour le compte de la Soci\u00e9t\u00e9, de ses filiales et soci\u00e9t\u00e9s affili\u00e9es ainsi que de leurs actionnaires, administrateurs, dirigeants et salari\u00e9s respectifs, pour quelque cause que ce soit. Les utilisateurs doivent avoir sur le Site un comportement responsable et licite. L\u2019utilisateur doit notamment s\u2019abstenir d\u2019envoyer par courrier \u00e9lectronique ou transmettre par tout autre moyen tout \u00e9l\u00e9ment contenant des virus, logiciels, ou autres \u00e9l\u00e9ments de nature \u00e0 en limiter les fonctionnalit\u00e9s. <br>Domaine de Chevalier peut mettre fin \u00e0 tout moment au droit d&#8217;acc\u00e8s au Site d&#8217;un utilisateur si celui-ci ne respecte pas les obligations qui lui incombent en vertu des Conditions G\u00e9n\u00e9rales d&#8217;Utilisation et\/ou de tout autre document compl\u00e9mentaire, sans pr\u00e9judice du droit pour Domaine de Chevalier de demander des dommages-int\u00e9r\u00eats.<\/p>\n\n\n\n<ul class=\"wp-block-list\">\n<li><strong>Droit de propri\u00e9t\u00e9 intellectuelle&nbsp;:&nbsp;<\/strong>Le contenu du Site y compris, mais sans limitation, tout logo, marque, photo, illustration, image, texte, est prot\u00e9g\u00e9 en vertu des droits de propri\u00e9t\u00e9 intellectuelle, ou de toute autre disposition l\u00e9gale applicable en l\u2019esp\u00e8ce.<\/li>\n<\/ul>\n\n\n\n<p>La reproduction, la distribution, l\u2019adaptation de ses logos, marques et autres contenus sur le Site est interdite sans autorisation pr\u00e9alable de la Soci\u00e9t\u00e9 titulaire des droits, que ce soit \u00e0 des fins commerciales ou non.&nbsp;<\/p>\n\n\n\n<ul class=\"wp-block-list\">\n<li><strong>Liens vers d\u2019autres sites&nbsp;:&nbsp;<\/strong>Domaine de Chevalier peut proposer sur son site des liens vers des sites tiers. Ces liens sont \u00e9tablis en accord avec les sites concern\u00e9s.<\/li>\n<\/ul>\n\n\n\n<p>Domaine de Chevalier ne peut \u00eatre tenu pour responsable de la mise \u00e0 disposition de ces sites et sources externes, et ne peut supporter aucune responsabilit\u00e9 quant au contenu, publicit\u00e9s, produits, services ou tout autre mat\u00e9riel disponible sur ou \u00e0 partir de ces sites ou sources externes.<\/p>\n\n\n\n<ul class=\"wp-block-list\">\n<li><strong>Responsabilit\u00e9s&nbsp;:&nbsp;<\/strong>Domaine de Chevalier s&#8217;efforce d&#8217;assurer au mieux de ses possibilit\u00e9s, l&#8217;exactitude et la mise \u00e0 jour des informations diffus\u00e9es sur le site, dont elle se r\u00e9serve le droit de corriger, \u00e0 tout moment et sans pr\u00e9avis, le contenu.<\/li>\n<\/ul>\n\n\n\n<p>Domaine de Chevalier d\u00e9cline toute responsabilit\u00e9 pour toute inexactitude ou omission portant sur des informations disponibles sur le site, pour toute interruption et\/ou dysfonctionnement du site, ainsi que pour tous dommages r\u00e9sultant d&#8217;une intrusion frauduleuse d&#8217;un tiers.<\/p>\n\n\n\n<h2 class=\"wp-block-heading has-red-color has-text-color\">Donn\u00e9es personnelles<\/h2>\n\n\n\n<p>Le respect de votre vie priv\u00e9e et de vos donn\u00e9es \u00e0 caract\u00e8re personnel \u00e9tant une priorit\u00e9 pour Domaine de Chevalier, la pr\u00e9sente charte a pour objet de pr\u00e9senter la teneur des traitements de donn\u00e9es \u00e0 caract\u00e8re personnel mis en \u0153uvre sur le SITE.&nbsp;&nbsp;Domaine de Chevalier s\u2019engage en tout \u00e9tat de cause \u00e0 respecter les deux (2) principes essentiels suivants :<\/p>\n\n\n\n<ul class=\"wp-block-list\">\n<li>Vous restez ma\u00eetre de vos donn\u00e9es \u00e0 caract\u00e8re personnel ;<\/li>\n\n\n\n<li>Vos donn\u00e9es sont trait\u00e9es de mani\u00e8re transparente, confidentielle et s\u00e9curis\u00e9e.<\/li>\n<\/ul>\n\n\n\n<p>Conform\u00e9ment \u00e0 la loi Informatique et Libert\u00e9s n\u00b078-17 et au R\u00e8glement G\u00e9n\u00e9ral sur la Protection des Donn\u00e9es Personnelles, dit \u00ab RGPD \u00bb n\u00b02016\/679.<\/p>\n\n\n\n<ul class=\"wp-block-list\">\n<li><strong>Responsable de traitement&nbsp;: <\/strong>Le responsable du traitement est la Soci\u00e9t\u00e9 Domaine de Chevalier &#8211; Soci\u00e9t\u00e9 \u00e0 Responsabilit\u00e9, enregistr\u00e9e au Registre du Commerce et des soci\u00e9t\u00e9s  dont le si\u00e8ge social est situ\u00e9 au 102 chemin Mignoy &#8211; 33850 L\u00e9ognan &#8211; FRANCE<\/li>\n<\/ul>\n\n\n\n<ul class=\"wp-block-list\">\n<li><strong>Donn\u00e9es trait\u00e9es&nbsp;:&nbsp;<\/strong>Les donn\u00e9es personnelles vous concernant collect\u00e9es et trait\u00e9es sont principalement&nbsp;: vos nom, pr\u00e9nom, adresse email, date de naissance, adresse postale, pays \/ r\u00e9gion, num\u00e9ro de t\u00e9l\u00e9phone, vos pr\u00e9f\u00e9rences et centres d\u2019int\u00e9r\u00eats, vos logs de connexion (par exemple l\u2019adresse IP), votre nationalit\u00e9 (lorsque des r\u00e9glementations sp\u00e9cifiques le requiert), ainsi que les informations que vous nous communiquez lorsque vous nous contactez ou visitez notre site.<\/li>\n<\/ul>\n\n\n\n<p>Sous r\u00e9serves de votre consentement, nous sommes \u00e9galement susceptibles de recueillir indirectement des donn\u00e9es personnelles vous concernant \u00e0 partir d\u2019autres sources, par exemple si vos donn\u00e9es nous sont transmises par le biais de l\u2019un de nos partenaires.<\/p>\n\n\n\n<ul class=\"wp-block-list\">\n<li><strong>Fondements et finalit\u00e9s du traitement&nbsp;:<\/strong>&nbsp;Vos diff\u00e9rentes donn\u00e9es sont susceptibles d\u2019\u00eatre collect\u00e9es afin d\u2019assurer : le bon fonctionnement et l\u2019am\u00e9lioration permanente du SITE, de ses services et de ses fonctionnalit\u00e9s ; l\u2019envoi de newsletter aux utilisateurs qui en ont fait la demande ; l\u2019\u00e9laboration de statistiques ; la r\u00e9ponse \u00e0 vos demandes&nbsp;; l\u2019acc\u00e8s \u00e0 l\u2019extranet vous permettant de consulter nos offres, la r\u00e9servation de visite.<\/li>\n<\/ul>\n\n\n\n<p>Domaine de Chevalier sera \u00e9galement autoris\u00e9e \u00e0 utiliser ces donn\u00e9es dans l\u2019objectif de remplir une obligation l\u00e9gale ou r\u00e9glementaire.<\/p>\n\n\n\n<p>En tout \u00e9tat de cause, et pour chaque finalit\u00e9 d\u00e9finie, Domaine de Chevalier mettra tous les moyens en leur possession pour assurer la s\u00e9curit\u00e9 et la confidentialit\u00e9 des donn\u00e9es \u00e0 caract\u00e8re personnel qui leur sont confi\u00e9es, dans le respect des lois et r\u00e8glement en vigueur.&nbsp;<\/p>\n\n\n\n<p>Lorsque cela est n\u00e9cessaire au regard de la Loi Informatique et Libert\u00e9s&nbsp;Domaine de Chevalier s\u2019engage, selon les cas, \u00e0 recueillir votre consentement et\/ou \u00e0 vous permettre de vous opposer \u00e0 l\u2019utilisation de vos donn\u00e9es pour certaines finalit\u00e9s.<\/p>\n\n\n\n<ul class=\"wp-block-list\">\n<li><strong>Destinataires des donn\u00e9es&nbsp;:&nbsp;<\/strong>Vos Donn\u00e9es sont trait\u00e9es par&nbsp;Domaine de Chevalier.&nbsp;Seules, le personnel habilit\u00e9 des diff\u00e9rents services de Domaine de Chevalier et les sous-traitants \u00e9ventuels de Domaine de Chevalier pour des raisons exclusivement techniques ou logistiques (tels que prestataires d\u2019h\u00e9bergement et de maintenance du Site) pourront avoir acc\u00e8s aux donn\u00e9es.&nbsp;<br>Domaine de Chevalier&nbsp;pourra \u00e9galement \u00eatre amen\u00e9e \u00e0 communiquer \u00e0 des tiers vos Donn\u00e9es lorsqu\u2019une telle communication est requise par la loi, une disposition r\u00e9glementaire ou une d\u00e9cision judiciaire, ou si cette communication est n\u00e9cessaire pour assurer la protection et la d\u00e9fense de ses droits.<\/li>\n<\/ul>\n\n\n\n<p>Vos donn\u00e9es ne sont communiqu\u00e9es, \u00e9chang\u00e9es, vendues ou lou\u00e9es \u00e0 aucune autre personne que celles mentionn\u00e9es ci-dessus.<\/p>\n\n\n\n<ul class=\"wp-block-list\">\n<li><strong>Transferts de donn\u00e9es \u00e0 l\u2019\u00e9tranger&nbsp;:<\/strong>&nbsp;Les destinataires de vos donn\u00e9es peuvent se situer \u00e0 l\u2019\u00e9tranger, y compris en dehors de l\u2019Espace Economique Europ\u00e9en. Tout&nbsp;transfert de vos donn\u00e9es en dehors de l\u2019Espace Economique Europ\u00e9en est effectu\u00e9 moyennant&nbsp;des garanties appropri\u00e9es, notamment contractuelles, en conformit\u00e9 avec la r\u00e9glementation applicable en mati\u00e8re de protection des donn\u00e9es personnelles.<\/li>\n<\/ul>\n\n\n\n<ul class=\"wp-block-list\">\n<li><strong>Dur\u00e9e de conservation des donn\u00e9es&nbsp;:&nbsp;<\/strong>Domaine de Chevalier s\u2019engage \u00e0 ce que les donn\u00e9es collect\u00e9es soient conserv\u00e9es pendant une dur\u00e9e qui n&#8217;exc\u00e8de pas la dur\u00e9e n\u00e9cessaire aux finalit\u00e9s pour lesquelles ces donn\u00e9es sont collect\u00e9es et trait\u00e9es. Ces donn\u00e9es peuvent \u00e9galement \u00eatre conserv\u00e9es dans l\u2019objectif de respecter une obligation l\u00e9gale ou gard\u00e9es dans des fichiers conform\u00e9ment aux r\u00e8glements et lois applicables.<\/li>\n<\/ul>\n\n\n\n<p>Enfin, les donn\u00e9es collect\u00e9es, dans le cadre des cookies, traceurs et autres technologies de tra\u00e7age mis en place sur notre Site, seront conserv\u00e9s conform\u00e9ment \u00e0 la r\u00e9glementation applicable pour une dur\u00e9e n\u2019exc\u00e9dant pas treize (13) mois.<\/p>\n\n\n\n<ul class=\"wp-block-list\">\n<li><strong>Vos droits sur les donn\u00e9es&nbsp;:<\/strong>&nbsp;Conform\u00e9ment \u00e0 la r\u00e8glementation en vigueur, vous disposez d\u2019un droit d&#8217;acc\u00e8s et de rectification de vos Donn\u00e9es, ainsi que de celui d\u2019en demander l\u2019effacement, de vous opposer \u00e0 leur traitement et d\u2019en obtenir la limitation ou la portabilit\u00e9 dans la mesure o\u00f9 cela est applicable, sous r\u00e9serve des motifs l\u00e9gitimes imp\u00e9rieux dont pourrait justifier Domaine de Chevalier pour conserver vos Donn\u00e9es. <br>Par ailleurs, vous pouvez \u00e0 tout moment demander \u00e0 ne plus recevoir nos communications en utilisant le lien hypertexte pr\u00e9vu \u00e0 cet effet dans chaque email que nous vous adressons. Vous disposez \u00e9galement du droit de nous donner des instructions sp\u00e9cifiques concernant le sort de vos Donn\u00e9es apr\u00e8s votre d\u00e9c\u00e8s.<\/li>\n<\/ul>\n\n\n\n<p>Ces droits peuvent \u00eatre exerc\u00e9s \u00e0 tout moment en adressant un courrier ou un email aux adresses suivantes : Domaine de Chevalier &#8211; 102 chemin Mignoy &#8211; 33850 L\u00e9ognan &#8211; FRANCE &nbsp;&nbsp;&nbsp;&nbsp;<\/p>\n\n\n\n<ul class=\"wp-block-list\">\n<li><strong>Coordonn\u00e9es du d\u00e9l\u00e9gu\u00e9 \u00e0 la protection des donn\u00e9es (DPO) et droit d\u2019introduire une r\u00e9clamation&nbsp;:<\/strong>&nbsp;Pour toute question en lien avec la collecte et le traitement de vos Donn\u00e9es par Domaine de Chevalier, vous pouvez contacter par email le d\u00e9l\u00e9gu\u00e9 \u00e0 la protection des donn\u00e9es \u00e0 l\u2019adresse suivante :- <a href=\"mailto:dpo@domainedechevalier.com\"><\/a><a href=\"mailto:olivierbernard@domainedechevalier.com\">olivierbernard@domainedechevalier.com<\/a><br>Vous disposez \u00e9galement du droit de saisir la Commission Nationale de l\u2019Informatique et des Libert\u00e9s (CNIL).<\/li>\n<\/ul>\n\n\n\n<p><\/p>\n\n\n\n<h2 class=\"wp-block-heading has-red-color has-text-color\">Cookies<\/h2>\n\n\n\n<p>Un \u00ab cookie \u00bb est un petit fichier texte d\u00e9pos\u00e9 sur le disque dur de votre terminal lors de votre visite sur un site internet. Il enregistre certaines informations sur votre navigation ou sur votre comportement en ligne.<\/p>\n\n\n\n<ul class=\"wp-block-list\">\n<li><strong>Cookies utilis\u00e9es&nbsp;:<\/strong>&nbsp;Domaine de Chevalier&nbsp;fait usage sur son SITE de donn\u00e9es de connexion (date, heure, adresse Internet, protocole de l\u2019ordinateur du visiteur, page consult\u00e9e) et de cookies (petits fichiers enregistr\u00e9s sur votre ordinateur) permettant notamment de vous identifier, de m\u00e9moriser vos consultations, et de b\u00e9n\u00e9ficier de mesures et statistiques d\u2019audience du SITE, notamment relatives aux pages consult\u00e9es.<\/li>\n<\/ul>\n\n\n\n<p>En naviguant sur le SITE, vous acceptez l\u2019installation de ce type de cookies dits \u00ab techniques \u00bb qui ont pour finalit\u00e9 exclusive de permettre ou faciliter la communication par voie \u00e9lectronique de votre \u00e9quipement terminal avec notre site, en facilitant la gestion et la navigation sur celui-ci. Si le navigateur le permet, vous pouvez d\u00e9sactiver \u00e0 tout moment ces cookies, en suivant la proc\u00e9dure indiqu\u00e9e par ce navigateur. Cependant, une telle d\u00e9sactivation peut avoir pour cons\u00e9quence de ralentir et\/ou perturber l\u2019acc\u00e8s au SITE.<\/p>\n\n\n\n<p>En outre,&nbsp;Domaine de Chevalier&nbsp;vous informe qu\u2019elle utilise les services de Google Analytics pour mesurer l\u2019audience du SITE. Vous pouvez refuser que votre navigation sur le SITE soit suivie via l\u2019outil Google Analytics en t\u00e9l\u00e9chargeant et en installant Google Analytics Opt-out Browser addon pour votre navigateur actuel sur le SITE accessible \u00e0 l\u2019adresse suivante :&nbsp;<a href=\"https:\/\/tools.google.com\/dlpage\/gaoptout?hl=fr\">https:\/\/tools.google.com\/dlpage\/gaoptout?hl=fr<\/a>.<\/p>\n\n\n\n<p>Enfin, notre site contient des liens de partage vers linkedin, instagram, facebook et autre r\u00e9seau social similaire, qui vous permettent de partager les contenus de notre site avec d&#8217;autres personnes via les r\u00e9seaux sociaux. Lorsque vous utilisez ces boutons de partage, un cookie tiers est install\u00e9. Nous vous invitons \u00e0 consulter les politiques de protection de la vie priv\u00e9e de ces r\u00e9seaux sociaux afin de prendre connaissance de vos droits et des finalit\u00e9s d&#8217;utilisation, notamment publicitaires, des informations de navigation qu&#8217;ils peuvent recueillir gr\u00e2ce \u00e0 ces boutons applicatifs.<\/p>\n\n\n\n<ul class=\"wp-block-list\">\n<li><strong>Dur\u00e9e de conservation :&nbsp;<\/strong>Les cookies stock\u00e9s dans votre terminal ou tout autre \u00e9l\u00e9ment utilis\u00e9 pour vous identifier \u00e0 des fins de statistiques d\u2019audience ou publicitaires auront, en tout \u00e9tat de cause, une dur\u00e9e de vie limit\u00e9e \u00e0 13 mois maximum, cette dur\u00e9e n\u2019\u00e9tant pas prorog\u00e9e automatiquement lors de vos nouvelles visites sur le SITE. Au-del\u00e0, les donn\u00e9es de fr\u00e9quentation brutes associ\u00e9es \u00e0 un identifiant sont soit supprim\u00e9es soit anonymis\u00e9es.<\/li>\n<\/ul>\n\n\n\n<ul class=\"wp-block-list\">\n<li><strong>Vos droits&nbsp;:&nbsp;<\/strong>Conform\u00e9ment \u00e0 la Loi Informatique et Libert\u00e9s et au RGPD, vous disposez d\u2019un droit d\u2019acc\u00e8s, de rectification, d\u2019effacement et d\u2019opposition ainsi qu\u2019un droit \u00e0 la limitation et \u00e0 la portabilit\u00e9. Vous pouvez \u00e9galement d\u00e9finir des directives relatives au sort de vos donn\u00e9es apr\u00e8s votre d\u00e9c\u00e8s. Ces droits peuvent \u00eatre exerc\u00e9s \u00e0 tout moment en adressant un courrier ou un email aux adresses suivantes : <br>102 chemin Mignoy &#8211; 33850 L\u00e9ognan &#8211; FRANCE<br>T\u00e9l : +33 (0)5 56 64 16 16 &#8211; Fax : +33 (0)5 56 64 18 18<br>Contact : <a href=\"mailto:olivierbernard@domainedechevalier.com\">olivierbernard@domainedechevalier.com<\/a><br>&nbsp;&nbsp;&nbsp;&nbsp;&nbsp;&nbsp;&nbsp;&nbsp;&nbsp;&nbsp;<\/li>\n\n\n\n<li><strong>Informations compl\u00e9mentaires&nbsp;:<\/strong> Pour en savoir plus sur les cookies (comment les g\u00e9rer, les supprimer, les identifier), vous pouvez consulter le site de la CNIL :&nbsp;<a href=\"http:\/\/www.cnil.fr\/vos-droits\/vos-traces\/les-cookies\/#c5554\">http:\/\/www.cnil.fr\/vos-droits\/vos-traces\/les-cookies\/#c5554<\/a><\/li>\n<\/ul>\n\n\n\n<p><\/p>\n\n\n\n<h2 class=\"wp-block-heading has-red-color has-text-color\">Dispositions G\u00e9n\u00e9rales<\/h2>\n\n\n\n<ul class=\"wp-block-list\">\n<li><strong>Attribution de juridiction \u2013 droit applicable&nbsp;:<\/strong> Les pr\u00e9sentes Conditions G\u00e9n\u00e9rales d\u2019Utilisation, ainsi que les donn\u00e9es personnelles &amp; cookies sont r\u00e9gies par le droit fran\u00e7ais. Tout diff\u00e9rend non r\u00e9solu de mani\u00e8re amiable ou transactionnelle d\u00e9coulant de l\u2019utilisation du SITE sera de la comp\u00e9tence exclusive du Tribunal de Commerce , \u00e0 moins que Domaine de Chevalier ne pr\u00e9f\u00e8re saisir toute autre juridiction comp\u00e9tente.<\/li>\n<\/ul>\n\n\n\n<ul class=\"wp-block-list\">\n<li><strong>Modifications&nbsp;:&nbsp;<\/strong>Nous sommes susceptibles de modifier occasionnellement la pr\u00e9sente page. <br>Nous vous encourageons \u00e0 v\u00e9rifier cette page r\u00e9guli\u00e8rement afin de vous assurer de votre accord avec toute modification.<br><br><\/li>\n<\/ul>\n\n\n\n<h2 class=\"wp-block-heading\"><strong>PROTECTION DES MINEURS<\/strong><\/h2>\n\n\n\n<p>En entrant sur ce site, vous certifiez avoir atteint l\u2019\u00e2ge l\u00e9gal du pays<br>o\u00f9 vous r\u00e9sidez pour \u00eatre autoris\u00e9 \u00e0 acheter et \u00e0 consommer de l\u2019alcool.<br><\/p>\n\n\n\n<h2 class=\"wp-block-heading\"><br><strong>ABUS D\u2019ALCOOL<\/strong><\/h2>\n\n\n\n<p>L\u2019abus d\u2019alcool est dangereux pour la sant\u00e9. Sachez consommer et appr\u00e9cier avec mod\u00e9ration.<\/p>\n<\/div>\n","protected":false},"excerpt":{"rendered":"<p>Legal notice Identification \u00c9DITEUR DU SITELe pr\u00e9sent site est la propri\u00e9t\u00e9 de la Soci\u00e9t\u00e9 Civile Domaine de ChevalierSA au capital de 7.200.000 eurosSi\u00e8ge social : Domaine de Chevalier 102 chemin de Mignoy, 33850 L\u00e9ognanN\u00b0 TVA intracommunautaire : FR&nbsp; Email :&nbsp;olivierbernard@domainedechevalier.comT\u00e9l\u00e9phone :&nbsp;+33 (0)5 56 64 16 16 H\u00c9BERGEMENT DU SITEInfomaniakwww.infomaniak.com R\u00c9ALISATION DU SITEVINEXIA13 rue de le<a href=\"https:\/\/www.domainedechevalier.com\/en\/legal-notice\">Continue reading <span class=\"sr-only\">&#8220;Legal notice&#8221;<\/span><\/a><\/p>\n","protected":false},"author":4,"featured_media":0,"parent":0,"menu_order":0,"comment_status":"closed","ping_status":"closed","template":"","meta":{"_seopress_robots_primary_cat":"","_seopress_titles_title":"","_seopress_titles_desc":"","_seopress_robots_index":"","inline_featured_image":false,"footnotes":""},"class_list":["post-951","page","type-page","status-publish","hentry"],"_links":{"self":[{"href":"https:\/\/www.domainedechevalier.com\/en\/wp-json\/wp\/v2\/pages\/951","targetHints":{"allow":["GET"]}}],"collection":[{"href":"https:\/\/www.domainedechevalier.com\/en\/wp-json\/wp\/v2\/pages"}],"about":[{"href":"https:\/\/www.domainedechevalier.com\/en\/wp-json\/wp\/v2\/types\/page"}],"author":[{"embeddable":true,"href":"https:\/\/www.domainedechevalier.com\/en\/wp-json\/wp\/v2\/users\/4"}],"replies":[{"embeddable":true,"href":"https:\/\/www.domainedechevalier.com\/en\/wp-json\/wp\/v2\/comments?post=951"}],"version-history":[{"count":0,"href":"https:\/\/www.domainedechevalier.com\/en\/wp-json\/wp\/v2\/pages\/951\/revisions"}],"wp:attachment":[{"href":"https:\/\/www.domainedechevalier.com\/en\/wp-json\/wp\/v2\/media?parent=951"}],"curies":[{"name":"wp","href":"https:\/\/api.w.org\/{rel}","templated":true}]}}